{"id":850,"date":"2019-09-16T13:28:16","date_gmt":"2019-09-16T11:28:16","guid":{"rendered":"http:\/\/www.ambuflex.de\/?page_id=850"},"modified":"2023-05-22T09:54:24","modified_gmt":"2023-05-22T07:54:24","slug":"agb_hpg","status":"publish","type":"page","link":"https:\/\/www.ambuflex.de\/?page_id=850","title":{"rendered":"Heilp\u00e4dagogische Wohngruppen"},"content":{"rendered":"<div id=\"ez-toc-container\" class=\"ez-toc-v2_0_69_1 counter-hierarchy ez-toc-counter ez-toc-grey ez-toc-container-direction\">\n<div class=\"ez-toc-title-container\"><p class=\"ez-toc-title\">Inhalt<\/p>\n<\/div><nav><ul class='ez-toc-list ez-toc-list-level-1 ' ><li class='ez-toc-page-1 ez-toc-heading-level-2'><a class=\"ez-toc-link ez-toc-heading-1\" href=\"https:\/\/www.ambuflex.de\/?page_id=850\/#Gesetzliche_Grundlage_und_Zielgruppe\" title=\"Gesetzliche Grundlage und Zielgruppe\">Gesetzliche Grundlage und Zielgruppe<\/a><\/li><li class='ez-toc-page-1 ez-toc-heading-level-2'><a class=\"ez-toc-link ez-toc-heading-2\" href=\"https:\/\/www.ambuflex.de\/?page_id=850\/#Personal\" title=\"Personal\">Personal<\/a><\/li><li class='ez-toc-page-1 ez-toc-heading-level-2'><a class=\"ez-toc-link ez-toc-heading-3\" href=\"https:\/\/www.ambuflex.de\/?page_id=850\/#Betreuungsrahmen\" title=\"Betreuungsrahmen\">Betreuungsrahmen<\/a><\/li><li class='ez-toc-page-1 ez-toc-heading-level-2'><a class=\"ez-toc-link ez-toc-heading-4\" href=\"https:\/\/www.ambuflex.de\/?page_id=850\/#Ziele_des_Leistungsangebotes\" title=\"Ziele des Leistungsangebotes\">Ziele des Leistungsangebotes<\/a><\/li><li class='ez-toc-page-1 ez-toc-heading-level-2'><a class=\"ez-toc-link ez-toc-heading-5\" href=\"https:\/\/www.ambuflex.de\/?page_id=850\/#Unsere_Einrichtungen\" title=\"Unsere Einrichtungen\">Unsere Einrichtungen<\/a><\/li><\/ul><\/nav><\/div>\n<h2><span class=\"ez-toc-section\" id=\"Gesetzliche_Grundlage_und_Zielgruppe\"><\/span>Gesetzliche Grundlage und Zielgruppe<span class=\"ez-toc-section-end\"><\/span><\/h2>\n<p>Das Angebot der Heilp\u00e4dagogischen Gruppe richtet sich an Jugendliche, die nach \u00a7 27 SGB VIII in Verbindung mit \u00a7\u00a7 34 und 35a SGB VIII p\u00e4dagogisch versorgt werden m\u00fcssen.<br \/>\nZielgruppe des Leistungsangebotes sind dreizehn- bis achtzehnj\u00e4hrige M\u00e4dchen und Jungen (Aufnahmealter), die durch konstitutionelle und \/oder soziale Defizite in ihrer altersgem\u00e4\u00dfen Pers\u00f6nlichkeitsentwicklung beeintr\u00e4chtigt sind.<\/p>\n<p>Das Leistungsangebot ist demnach notwendig und geeignet wenn,<\/p>\n<ul>\n<li>Sinne des \u00a7 27 SGB VIII Hilfe zur Erziehung oder im Sinne des \u00a7 35a SGB VIII der Eingliederungshilfe F\u00f6rderbedarf besteht, der, im Rahmen ambulanter oder teilst\u00e4tion\u00e4rer Angebote nicht ausreichend abgedeckt werden kann.<\/li>\n<li>Das h\u00e4usliche Sozialisationsumfeld als belastend oder gef\u00e4hrdend einzustufen ist, so dass eine zeitweise Trennung von der Familie notwendig ist.<\/li>\n<li>Traumatische Erlebnisse (psychisch\/physisch) durchlebt werden oder wurden.<\/li>\n<\/ul>\n<p>Das Angebot der Leistung gilt sowohl regional als auch \u00fcberregional.<\/p>\n<h2><span class=\"ez-toc-section\" id=\"Personal\"><\/span>Personal<span class=\"ez-toc-section-end\"><\/span><\/h2>\n<p>Das Team besteht aus mehreren p\u00e4dagogischen Fachkr\u00e4ften und einem psychologischen Fachdienst.<br \/>\nDie Verpflegung der Jugendlichen erfolgt durch eine Hauswirtschaftlerin, welche auch f\u00fcr die Hausreinigung und W\u00e4schepflege\/-hygiene zust\u00e4ndig ist.<\/p>\n<h2><span class=\"ez-toc-section\" id=\"Betreuungsrahmen\"><\/span>Betreuungsrahmen<span class=\"ez-toc-section-end\"><\/span><\/h2>\n<p>Die Betreuung findet an 365 Tagen rund um die Uhr durch p\u00e4dagogische Fachkr\u00e4fte statt.<\/p>\n<h2><span class=\"ez-toc-section\" id=\"Ziele_des_Leistungsangebotes\"><\/span>Ziele des Leistungsangebotes<span class=\"ez-toc-section-end\"><\/span><\/h2>\n<p>Im Rahmen der Erziehungs- und F\u00f6rderplanung verfolgt die angebotene Leistung folgende Ziele:<\/p>\n<ul>\n<li>Pers\u00f6nlichkeitsf\u00f6rderung und \u2013stabilisierung.<\/li>\n<li>Alltagsbew\u00e4ltigung und \u2013gestaltung.<\/li>\n<li>schulische und berufliche F\u00f6rderung. #F\u00f6rderung im Bereich der kognitiven, emotionalen, k\u00f6rperlichen und psychosozialen Entwicklung.<\/li>\n<li>soweit m\u00f6glich die Reintegration in das soziale Bezugssystem (Familie, Schule usw.) oder ggf. die Entwicklung von Alternativen (z.B. eine Pflegefamilie).<\/li>\n<li>F\u00f6rderung im lebenspraktischen Bereich.<\/li>\n<li>F\u00f6rderung altersad\u00e4quater Selbstst\u00e4ndigkeit<\/li>\n<\/ul>\n<h2><span class=\"ez-toc-section\" id=\"Unsere_Einrichtungen\"><\/span>Unsere Einrichtungen<span class=\"ez-toc-section-end\"><\/span><\/h2>\n<div class=\"su-row\"><\/div><div class=\"su-column su-column-size-1-2\"><div class=\"su-column-inner su-u-clearfix su-u-trim\">\n<div class=\"su-box su-box-style-default\" id=\"\" style=\"border-color:#242423;border-radius:3px\"><div class=\"su-box-title\" style=\"background-color:#575756;color:#FFFFFF;border-top-left-radius:1px;border-top-right-radius:1px\">HPG Eicht\u00e4tt<\/div><div class=\"su-box-content su-u-clearfix su-u-trim\" style=\"border-bottom-left-radius:1px;border-bottom-right-radius:1px\">\n<img loading=\"lazy\" decoding=\"async\" class=\"alignnone size-medium wp-image-1003\" src=\"http:\/\/www.ambuflex.de\/wp-content\/uploads\/2019\/09\/hpg_teaser_eichstaett-300x200.png\" alt=\"\" width=\"300\" height=\"200\" srcset=\"https:\/\/www.ambuflex.de\/wp-content\/uploads\/2019\/09\/hpg_teaser_eichstaett-300x200.png 300w, https:\/\/www.ambuflex.de\/wp-content\/uploads\/2019\/09\/hpg_teaser_eichstaett-768x512.png 768w, https:\/\/www.ambuflex.de\/wp-content\/uploads\/2019\/09\/hpg_teaser_eichstaett.png 800w\" sizes=\"auto, (max-width: 300px) 85vw, 300px\" \/><br \/>\n<a href=\"http:\/\/www.ambuflex.de\/?page_id=864\">Zur Heilp\u00e4dagogischen Wohngruppe Eichst\u00e4tt<\/a><br \/>\n<\/div><\/div>\n<\/div><\/div>\n<p>&nbsp;<\/p>\n<p>&nbsp;<\/p>\n<p>&nbsp;<\/p>\n","protected":false},"excerpt":{"rendered":"<p>Gesetzliche Grundlage und Zielgruppe Das Angebot der Heilp\u00e4dagogischen Gruppe richtet sich an Jugendliche, die nach \u00a7 27 SGB VIII in Verbindung mit \u00a7\u00a7 34 und 35a SGB VIII p\u00e4dagogisch versorgt werden m\u00fcssen. Zielgruppe des Leistungsangebotes sind dreizehn- bis achtzehnj\u00e4hrige M\u00e4dchen und Jungen (Aufnahmealter), die durch konstitutionelle und \/oder soziale Defizite in ihrer altersgem\u00e4\u00dfen Pers\u00f6nlichkeitsentwicklung beeintr\u00e4chtigt &hellip; <a href=\"https:\/\/www.ambuflex.de\/?page_id=850\" class=\"more-link\"><span class=\"screen-reader-text\">\u201eHeilp\u00e4dagogische Wohngruppen\u201c<\/span> weiterlesen<\/a><\/p>\n","protected":false},"author":1,"featured_media":1002,"parent":13,"menu_order":0,"comment_status":"closed","ping_status":"closed","template":"","meta":{"footnotes":""},"class_list":["post-850","page","type-page","status-publish","has-post-thumbnail","hentry"],"_links":{"self":[{"href":"https:\/\/www.ambuflex.de\/index.php?rest_route=\/wp\/v2\/pages\/850","targetHints":{"allow":["GET"]}}],"collection":[{"href":"https:\/\/www.ambuflex.de\/index.php?rest_route=\/wp\/v2\/pages"}],"about":[{"href":"https:\/\/www.ambuflex.de\/index.php?rest_route=\/wp\/v2\/types\/page"}],"author":[{"embeddable":true,"href":"https:\/\/www.ambuflex.de\/index.php?rest_route=\/wp\/v2\/users\/1"}],"replies":[{"embeddable":true,"href":"https:\/\/www.ambuflex.de\/index.php?rest_route=%2Fwp%2Fv2%2Fcomments&post=850"}],"version-history":[{"count":38,"href":"https:\/\/www.ambuflex.de\/index.php?rest_route=\/wp\/v2\/pages\/850\/revisions"}],"predecessor-version":[{"id":1503,"href":"https:\/\/www.ambuflex.de\/index.php?rest_route=\/wp\/v2\/pages\/850\/revisions\/1503"}],"up":[{"embeddable":true,"href":"https:\/\/www.ambuflex.de\/index.php?rest_route=\/wp\/v2\/pages\/13"}],"wp:featuredmedia":[{"embeddable":true,"href":"https:\/\/www.ambuflex.de\/index.php?rest_route=\/wp\/v2\/media\/1002"}],"wp:attachment":[{"href":"https:\/\/www.ambuflex.de\/index.php?rest_route=%2Fwp%2Fv2%2Fmedia&parent=850"}],"curies":[{"name":"wp","href":"https:\/\/api.w.org\/{rel}","templated":true}]}}