{"id":36,"date":"2016-12-08T17:52:32","date_gmt":"2016-12-08T16:52:32","guid":{"rendered":"http:\/\/www.ambuflex.de\/?page_id=36"},"modified":"2021-03-09T10:29:08","modified_gmt":"2021-03-09T09:29:08","slug":"ueber-uns","status":"publish","type":"page","link":"https:\/\/www.ambuflex.de\/?page_id=36","title":{"rendered":"\u00dcber uns"},"content":{"rendered":"<div id=\"ez-toc-container\" class=\"ez-toc-v2_0_69_1 counter-hierarchy ez-toc-counter ez-toc-grey ez-toc-container-direction\">\n<div class=\"ez-toc-title-container\"><p class=\"ez-toc-title\">Inhalt<\/p>\n<\/div><nav><ul class='ez-toc-list ez-toc-list-level-1 ' ><li class='ez-toc-page-1 ez-toc-heading-level-2'><a class=\"ez-toc-link ez-toc-heading-1\" href=\"https:\/\/www.ambuflex.de\/?page_id=36\/#Chronik\" title=\"Chronik\">Chronik<\/a><\/li><li class='ez-toc-page-1 ez-toc-heading-level-2'><a class=\"ez-toc-link ez-toc-heading-2\" href=\"https:\/\/www.ambuflex.de\/?page_id=36\/#Selbstverstaendnis\" title=\"Selbstverst\u00e4ndnis\">Selbstverst\u00e4ndnis<\/a><\/li><\/ul><\/nav><\/div>\n<h2><span class=\"ez-toc-section\" id=\"Chronik\"><\/span>Chronik<span class=\"ez-toc-section-end\"><\/span><\/h2>\n<p>Die 2008 als Einzelpersonengesellschaft gegr\u00fcndete Firma fing ausschlie\u00dflich mit ambulanten Hilfen in SGB 8 f\u00fcr das Stadtjugendamt Ingolstadt an. Die Ursprungsidee bestand aus einem rein m\u00e4nnlichen Betreuerteam in der Zusammenarbeit mit \u00fcberwiegend m\u00e4nnlichen Jugendlichen und jungen Erwachsenen (geschlechtshomogen). Hierbei stellte die Kombination aus Familienarbeit und erlebnisp\u00e4dagogischen Elementen einen wichtigen Bestandteil des systemischen Ansatzes dar.<br \/>\nZu diesem Zeitpunkt bestand ambuflex aus 10 Mitarbeitern.<\/p>\n<p><strong>2010<\/strong> Aufbau ambulante Hilfen in Ingolstadt und in den Landkreisen Pfaffenhofen und Eichst\u00e4tt (SGB VIII).<\/p>\n<p><strong>2010<\/strong> Gr\u00fcndung der ersten teilstation\u00e4ren Jugendwohngemeinschaften (2-3er WGs) in Ingolstadt (SGB VIII).<\/p>\n<p><strong>2010<\/strong> Durchf\u00fchrung diverser ISE Ma\u00dfnahmen in Schweden, den Alpen und im Bayerischen Wald von 2 bis 6 Monaten.<\/p>\n<p><strong>2011<\/strong> Ausweitung der ambulanten Angebote f\u00fcr Familien mit psychiatrischen Erkrankungen \u2013 Spezialisierte Hilfe f\u00fcr Familien mit einem psychiatrisch erkrankten Elternteil (SGB VIII).<br \/>\nAufbau eines weiblichen Betreuerteams in der ambulanten Jugendhilfe (SGB VIII).<br \/>\nZu diesem Zeitpunkt befanden sich zwischen 25 und 30 Mitarbeiterinnen und Mitarbeiter in der Firma.<\/p>\n<p><strong>2013<\/strong> Gr\u00fcndung der ersten Sozialtherapeutischen Wohngemeinschaften (SGB IX) speziell f\u00fcr junge Erwachsene bis zum 30. Lebensjahr in Ingolstadt.<\/p>\n<p><strong>2014<\/strong> Aufnahme der ersten unbegleiteten minderj\u00e4hren Asylbewerber in den Landkreisen Pfaffenhofen, Eichst\u00e4tt und Ingolstadt. Bis Ende 2016 wurden insgesamt 160 station\u00e4re Pl\u00e4tze f\u00fcr unbegleitete Minderj\u00e4hrige zur Verf\u00fcgung gestellt. Die Mitarbeiterzahl w\u00e4hrend dieser Zeit betrug zum H\u00f6chststand 120.<br \/>\nBis Ende 2016 Abbau der station\u00e4ren Wohngruppen f\u00fcr jugendliche Fl\u00fcchtlinge, im Anschluss mit ambulanter Nachbetreuung.<\/p>\n<p><strong>2015<\/strong> Aufbau ambulanter Hilfen f\u00fcr Familien mit autistischen Kindern, Schulbegleitung, Familienbegleitung (SGB VIII).<\/p>\n<p><strong>2016<\/strong> Aufbau Sozialtherapeutischer Wohngemeinschaften (SGB IX) f\u00fcr Menschen mit Autismus-Spektrum-St\u00f6rung.<\/p>\n<p><strong>2016<\/strong> Aufbau Anti-Gewalt-Training, Kurse, Opfer-T\u00e4terarbeit bei Missbrauch.<\/p>\n<p><strong>2016<\/strong> Aufbau Offene Jugendarbeit in Markt Manching.<\/p>\n<p><strong>2017<\/strong> Gr\u00fcndung der GmbH ambuflex.<\/p>\n<p><strong>2017<\/strong> Start der intensivp\u00e4dagogischen Tagesgruppe \u201eDie Macher (Waldprojekt)\u201c f\u00fcr schulaversive Kinder und Jugendliche f\u00fcr das Jugendamt Pfaffenhofen.<\/p>\n<p><strong>2017<\/strong> Aufbau ambulante Hilfen f\u00fcr Migrationsfamilien im Landkreis Eichst\u00e4tt (SGB VIII).<\/p>\n<p><strong>2017<\/strong> Aufbau ambulanter Hilfen im Landkreis Kelheim (SGB VIII).<\/p>\n<p><strong>2018<\/strong> Er\u00f6ffnung der Heilp\u00e4dagogischen Einrichtungen (Vollstation\u00e4r) in Fahlenbach und in Eichst\u00e4tt.<\/p>\n<p><strong>2019<\/strong> Er\u00f6ffnung der Mutter\/Vater-Kind Einrichtung (Vollstation\u00e4r) in Eichst\u00e4tt.<br \/>\nDie Anzahl der Mitarbeiterinnen und Mitarbeiter hat sich zwischen 85 und 95 eingependelt.<\/p>\n<p><strong>2020<\/strong>\u00a0Er\u00f6ffnung der Mutter\/Vater-Kind Einrichtung (Teilstation\u00e4r) in Eichst\u00e4tt.<\/p>\n<h2><span class=\"ez-toc-section\" id=\"Selbstverstaendnis\"><\/span>Selbstverst\u00e4ndnis<span class=\"ez-toc-section-end\"><\/span><\/h2>\n<p>Der famili\u00e4re und kollegiale Umgang innerhalb des Firmengef\u00fcges wirkt sich auf Mitarbeiterinnen und Mitarbeiter, sowie auf unterst\u00fctzte Personen \u00e4u\u00dferst positiv aus.<\/p>\n<p>Daneben steht eine professionelle Grundhaltung unserer ambuflex-Kr\u00e4fte mit modernen und bedarfsorientierten Ans\u00e4tzen. Wir lassen den Inklusionsgedanken in unsere weiteren Objektplanungen mit einflie\u00dfen.<\/p>\n<p>Unabh\u00e4ngig von unserer Firmengr\u00f6\u00dfe reagieren wir flexibel auf neue Anforderung in der Jugendhilfe und in der Eingliederungshilfe.<\/p>\n<p>Flache Hierarchien in der Organisation erm\u00f6glichen schnelle Reaktionszeiten f\u00fcr unsere zu unterst\u00fctzenden Personen.<\/p>\n<p>Wir achten darauf, dass keine Kluft zwischen Leitungs- und Mitarbeiter-Ebene entsteht und stehen im regen kollegialen Austausch.<\/p>\n<p>Die weitgehende Selbst\u00e4ndigkeit der Mitarbeiter mit einem hohen Ma\u00df an Kreativit\u00e4t in der t\u00e4glichen Arbeit ist uns genauso wichtig, wie ein breites Spektrum an Fachwissen und Methodenkenntnissen.<\/p>\n<p>Flexibel gestaltete Hilfen bedeuten f\u00fcr uns eine individuell angepasste Hilfe auf den Einzelfall.<br \/>\nAuf alle m\u00f6glichen Lebensbereiche bezogene, f\u00fcr den Einzelfall attraktive, Ziele und eine Gew\u00e4hrleistung weitest gehender Betreuungskontinuit\u00e4t werden von uns angestrebt.<\/p>\n<p>Die synergetische Verkn\u00fcpfung der beiden Bereiche SGB VIII und SGB IX erm\u00f6glichen bei notwendigen Indikatoren eine l\u00fcckenlose Betreuung, insbesondere bei unterst\u00fctzten Personen zwischen dem 18. und 21. Lebensjahr.<\/p>\n","protected":false},"excerpt":{"rendered":"<p>Chronik Die 2008 als Einzelpersonengesellschaft gegr\u00fcndete Firma fing ausschlie\u00dflich mit ambulanten Hilfen in SGB 8 f\u00fcr das Stadtjugendamt Ingolstadt an. Die Ursprungsidee bestand aus einem rein m\u00e4nnlichen Betreuerteam in der Zusammenarbeit mit \u00fcberwiegend m\u00e4nnlichen Jugendlichen und jungen Erwachsenen (geschlechtshomogen). Hierbei stellte die Kombination aus Familienarbeit und erlebnisp\u00e4dagogischen Elementen einen wichtigen Bestandteil des systemischen Ansatzes dar. &hellip; <a href=\"https:\/\/www.ambuflex.de\/?page_id=36\" class=\"more-link\"><span class=\"screen-reader-text\">\u201e\u00dcber uns\u201c<\/span> weiterlesen<\/a><\/p>\n","protected":false},"author":1,"featured_media":0,"parent":0,"menu_order":30,"comment_status":"closed","ping_status":"closed","template":"","meta":{"footnotes":""},"class_list":["post-36","page","type-page","status-publish","hentry"],"_links":{"self":[{"href":"https:\/\/www.ambuflex.de\/index.php?rest_route=\/wp\/v2\/pages\/36","targetHints":{"allow":["GET"]}}],"collection":[{"href":"https:\/\/www.ambuflex.de\/index.php?rest_route=\/wp\/v2\/pages"}],"about":[{"href":"https:\/\/www.ambuflex.de\/index.php?rest_route=\/wp\/v2\/types\/page"}],"author":[{"embeddable":true,"href":"https:\/\/www.ambuflex.de\/index.php?rest_route=\/wp\/v2\/users\/1"}],"replies":[{"embeddable":true,"href":"https:\/\/www.ambuflex.de\/index.php?rest_route=%2Fwp%2Fv2%2Fcomments&post=36"}],"version-history":[{"count":19,"href":"https:\/\/www.ambuflex.de\/index.php?rest_route=\/wp\/v2\/pages\/36\/revisions"}],"predecessor-version":[{"id":1297,"href":"https:\/\/www.ambuflex.de\/index.php?rest_route=\/wp\/v2\/pages\/36\/revisions\/1297"}],"wp:attachment":[{"href":"https:\/\/www.ambuflex.de\/index.php?rest_route=%2Fwp%2Fv2%2Fmedia&parent=36"}],"curies":[{"name":"wp","href":"https:\/\/api.w.org\/{rel}","templated":true}]}}