{"id":2,"date":"2016-12-02T10:55:15","date_gmt":"2016-12-02T09:55:15","guid":{"rendered":"http:\/\/www.ambuflex.de\/?page_id=2"},"modified":"2019-09-17T20:10:56","modified_gmt":"2019-09-17T18:10:56","slug":"homepage","status":"publish","type":"page","link":"https:\/\/www.ambuflex.de\/","title":{"rendered":"Home"},"content":{"rendered":"<div id=\"ez-toc-container\" class=\"ez-toc-v2_0_69_1 counter-hierarchy ez-toc-counter ez-toc-grey ez-toc-container-direction\">\n<div class=\"ez-toc-title-container\"><p class=\"ez-toc-title\">Inhalt<\/p>\n<\/div><nav><ul class='ez-toc-list ez-toc-list-level-1 ' ><li class='ez-toc-page-1 ez-toc-heading-level-2'><a class=\"ez-toc-link ez-toc-heading-1\" href=\"https:\/\/www.ambuflex.de\/#Wir_sind\" title=\"Wir sind\">Wir sind<\/a><\/li><li class='ez-toc-page-1 ez-toc-heading-level-2'><a class=\"ez-toc-link ez-toc-heading-2\" href=\"https:\/\/www.ambuflex.de\/#Unser_Angebot_richtet_sich_an\" title=\"Unser Angebot richtet sich an\">Unser Angebot richtet sich an<\/a><\/li><li class='ez-toc-page-1 ez-toc-heading-level-2'><a class=\"ez-toc-link ez-toc-heading-3\" href=\"https:\/\/www.ambuflex.de\/#Unser_Ziel\" title=\"Unser Ziel\">Unser Ziel<\/a><\/li><li class='ez-toc-page-1 ez-toc-heading-level-2'><a class=\"ez-toc-link ez-toc-heading-4\" href=\"https:\/\/www.ambuflex.de\/#Quick_Links\" title=\"Quick Links\">Quick Links<\/a><\/li><\/ul><\/nav><\/div>\n<h2><span class=\"ez-toc-section\" id=\"Wir_sind\"><\/span>Wir sind<span class=\"ez-toc-section-end\"><\/span><\/h2>\n<p>ein <strong>unabh\u00e4ngiger, privater<\/strong> Tr\u00e4ger <strong>sozialer Dienstleistungen<\/strong> in den Bereichen der <strong>Kinder-, Jugend- und Eingliederungshilfe<\/strong> f\u00fcr seelisch behinderte, junge Menschen.<\/p>\n<h2><span class=\"ez-toc-section\" id=\"Unser_Angebot_richtet_sich_an\"><\/span>Unser Angebot richtet sich an<span class=\"ez-toc-section-end\"><\/span><\/h2>\n<p><strong>Kinder, Jugendliche und junge Erwachsene, unbegleitete minderj\u00e4hrige Fl\u00fcchtlinge, Eltern, Erziehungsberechtigte und andere Sorgeberechtigte<\/strong>, die sich in <strong>au\u00dfergew\u00f6hnlichen<\/strong> und \/ oder <strong>herausfordernden Lebenssituationen<\/strong> befinden.<\/p>\n<h2><span class=\"ez-toc-section\" id=\"Unser_Ziel\"><\/span>Unser Ziel<span class=\"ez-toc-section-end\"><\/span><\/h2>\n<p>Es ist uns sehr wichtig, Menschen dabei zu unterst\u00fctzen, ihr eigenes <strong>Potential<\/strong> an L\u00f6sungsm\u00f6glichkeiten wiederzufinden und zu nutzen.<\/p>\n<h2><span class=\"ez-toc-section\" id=\"Quick_Links\"><\/span>Quick Links<span class=\"ez-toc-section-end\"><\/span><\/h2>\n<div class=\"su-row\">\n<div class=\"su-column su-column-size-1-2\"><div class=\"su-column-inner su-u-clearfix su-u-trim\">\n<div class=\"su-note\"  style=\"border-color:#63788c;border-radius:3px;-moz-border-radius:3px;-webkit-border-radius:3px;\"><div class=\"su-note-inner su-u-clearfix su-u-trim\" style=\"background-color:#7d92a6;border-color:#ffffff;color:#ffffff;border-radius:3px;-moz-border-radius:3px;-webkit-border-radius:3px;\">\n<div style=\"text-align: center; padding: 100px 0 100px 0;\"><a style=\"font-size: 1.7em; color: #ffffff;\" href=\"\/?page_id=38\">Stellen<\/a><\/div>\n<\/div><\/div>\n<\/div><\/div>\n<div class=\"su-column su-column-size-1-2\"><div class=\"su-column-inner su-u-clearfix su-u-trim\">\n<div class=\"su-note\"  style=\"border-color:#63788c;border-radius:3px;-moz-border-radius:3px;-webkit-border-radius:3px;\"><div class=\"su-note-inner su-u-clearfix su-u-trim\" style=\"background-color:#7d92a6;border-color:#ffffff;color:#ffffff;border-radius:3px;-moz-border-radius:3px;-webkit-border-radius:3px;\">\n<div style=\"text-align: center; padding: 100px 0 100px 0;\"><a style=\"font-size: 1.7em; color: #ffffff;\" href=\"\/?page_id=34\">Kontakt<\/a><\/div>\n<\/div><\/div>\n<\/div><\/div><\/div>\n","protected":false},"excerpt":{"rendered":"<p>Wir sind ein unabh\u00e4ngiger, privater Tr\u00e4ger sozialer Dienstleistungen in den Bereichen der Kinder-, Jugend- und Eingliederungshilfe f\u00fcr seelisch behinderte, junge Menschen. Unser Angebot richtet sich an Kinder, Jugendliche und junge Erwachsene, unbegleitete minderj\u00e4hrige Fl\u00fcchtlinge, Eltern, Erziehungsberechtigte und andere Sorgeberechtigte, die sich in au\u00dfergew\u00f6hnlichen und \/ oder herausfordernden Lebenssituationen befinden. Unser Ziel Es ist uns sehr &hellip; <a href=\"https:\/\/www.ambuflex.de\/\" class=\"more-link\"><span class=\"screen-reader-text\">\u201eHome\u201c<\/span> weiterlesen<\/a><\/p>\n","protected":false},"author":1,"featured_media":842,"parent":0,"menu_order":0,"comment_status":"closed","ping_status":"open","template":"","meta":{"footnotes":""},"class_list":["post-2","page","type-page","status-publish","has-post-thumbnail","hentry"],"_links":{"self":[{"href":"https:\/\/www.ambuflex.de\/index.php?rest_route=\/wp\/v2\/pages\/2","targetHints":{"allow":["GET"]}}],"collection":[{"href":"https:\/\/www.ambuflex.de\/index.php?rest_route=\/wp\/v2\/pages"}],"about":[{"href":"https:\/\/www.ambuflex.de\/index.php?rest_route=\/wp\/v2\/types\/page"}],"author":[{"embeddable":true,"href":"https:\/\/www.ambuflex.de\/index.php?rest_route=\/wp\/v2\/users\/1"}],"replies":[{"embeddable":true,"href":"https:\/\/www.ambuflex.de\/index.php?rest_route=%2Fwp%2Fv2%2Fcomments&post=2"}],"version-history":[{"count":44,"href":"https:\/\/www.ambuflex.de\/index.php?rest_route=\/wp\/v2\/pages\/2\/revisions"}],"predecessor-version":[{"id":1086,"href":"https:\/\/www.ambuflex.de\/index.php?rest_route=\/wp\/v2\/pages\/2\/revisions\/1086"}],"wp:featuredmedia":[{"embeddable":true,"href":"https:\/\/www.ambuflex.de\/index.php?rest_route=\/wp\/v2\/media\/842"}],"wp:attachment":[{"href":"https:\/\/www.ambuflex.de\/index.php?rest_route=%2Fwp%2Fv2%2Fmedia&parent=2"}],"curies":[{"name":"wp","href":"https:\/\/api.w.org\/{rel}","templated":true}]}}